{"id":2282,"date":"2024-08-03T12:50:00","date_gmt":"2024-08-03T12:50:00","guid":{"rendered":"https:\/\/moonaramanight.com\/wp10\/?page_id=2282"},"modified":"2024-08-04T18:10:06","modified_gmt":"2024-08-04T18:10:06","slug":"o-mnie","status":"publish","type":"page","link":"https:\/\/moonaramanight.com\/wp10\/pl\/o-mnie\/","title":{"rendered":"O mnie"},"content":{"rendered":"\t\t<div data-elementor-type=\"wp-page\" data-elementor-id=\"2282\" class=\"elementor elementor-2282\" data-elementor-post-type=\"page\">\n\t\t\t\t<div class=\"elementor-element elementor-element-dc024df e-con-full e-flex e-con e-parent\" data-id=\"dc024df\" data-element_type=\"container\" id=\"custom-aboutmepage-hero-wrapper\" data-settings=\"{&quot;background_background&quot;:&quot;classic&quot;,&quot;jet_parallax_layout_list&quot;:[]}\">\n\t\t<div class=\"elementor-element elementor-element-6446a3e e-con-full e-flex e-con e-child\" data-id=\"6446a3e\" data-element_type=\"container\" data-settings=\"{&quot;jet_parallax_layout_list&quot;:[]}\">\n\t\t\t\t<div class=\"elementor-element elementor-element-e04dbe3 elementor-widget__width-inherit elementor-widget elementor-widget-heading\" data-id=\"e04dbe3\" data-element_type=\"widget\" data-widget_type=\"heading.default\">\n\t\t\t\t<div class=\"elementor-widget-container\">\n\t\t\t<style>\/*! elementor - v3.23.0 - 05-08-2024 *\/\n.elementor-heading-title{padding:0;margin:0;line-height:1}.elementor-widget-heading .elementor-heading-title[class*=elementor-size-]>a{color:inherit;font-size:inherit;line-height:inherit}.elementor-widget-heading .elementor-heading-title.elementor-size-small{font-size:15px}.elementor-widget-heading .elementor-heading-title.elementor-size-medium{font-size:19px}.elementor-widget-heading .elementor-heading-title.elementor-size-large{font-size:29px}.elementor-widget-heading .elementor-heading-title.elementor-size-xl{font-size:39px}.elementor-widget-heading .elementor-heading-title.elementor-size-xxl{font-size:59px}<\/style><h2 class=\"elementor-heading-title elementor-size-default\">o mnie<\/h2>\t\t<\/div>\n\t\t\t\t<\/div>\n\t\t\t\t<div class=\"elementor-element elementor-element-db5bcf1 elementor-invisible elementor-widget elementor-widget-heading\" data-id=\"db5bcf1\" data-element_type=\"widget\" data-settings=\"{&quot;_animation&quot;:&quot;fadeInLeft&quot;}\" data-widget_type=\"heading.default\">\n\t\t\t\t<div class=\"elementor-widget-container\">\n\t\t\t<h1 class=\"elementor-heading-title elementor-size-default\">PAULINA PODBIE\u0141\u0141O<\/h1>\t\t<\/div>\n\t\t\t\t<\/div>\n\t\t\t\t<div class=\"elementor-element elementor-element-44b0fa6 animated-slow elementor-invisible elementor-widget elementor-widget-heading\" data-id=\"44b0fa6\" data-element_type=\"widget\" data-settings=\"{&quot;_animation&quot;:&quot;fadeInLeft&quot;}\" data-widget_type=\"heading.default\">\n\t\t\t\t<div class=\"elementor-widget-container\">\n\t\t\t<h2 class=\"elementor-heading-title elementor-size-default\">Nauczycielka Jogi, Medytacj i \u015awiadomego Oddechu.<\/h2>\t\t<\/div>\n\t\t\t\t<\/div>\n\t\t\t\t<div class=\"elementor-element elementor-element-1815982 elementor-widget elementor-widget-text-editor\" data-id=\"1815982\" data-element_type=\"widget\" data-widget_type=\"text-editor.default\">\n\t\t\t\t<div class=\"elementor-widget-container\">\n\t\t\t<style>\/*! elementor - v3.23.0 - 05-08-2024 *\/\n.elementor-widget-text-editor.elementor-drop-cap-view-stacked .elementor-drop-cap{background-color:#69727d;color:#fff}.elementor-widget-text-editor.elementor-drop-cap-view-framed .elementor-drop-cap{color:#69727d;border:3px solid;background-color:transparent}.elementor-widget-text-editor:not(.elementor-drop-cap-view-default) .elementor-drop-cap{margin-top:8px}.elementor-widget-text-editor:not(.elementor-drop-cap-view-default) .elementor-drop-cap-letter{width:1em;height:1em}.elementor-widget-text-editor .elementor-drop-cap{float:left;text-align:center;line-height:1;font-size:50px}.elementor-widget-text-editor .elementor-drop-cap-letter{display:inline-block}<\/style>\t\t\t\t<p>Ostatnie 12 lat sp\u0119dzi\u0142em w Nowym Jorku, gdzie pracowa\u0142em i uczy\u0142em si\u0119 od najlepszych nauczycieli, takich jak Guru Jagat, Lama Ole Nydahl, posiadam 200YTT z Bhakti Center i jestem Facylitatorem Neurodynamicznego Oddychania.<\/p>\t\t\t\t\t\t<\/div>\n\t\t\t\t<\/div>\n\t\t\t\t<div class=\"elementor-element elementor-element-f18a240 elementor-widget elementor-widget-text-editor\" data-id=\"f18a240\" data-element_type=\"widget\" data-widget_type=\"text-editor.default\">\n\t\t\t\t<div class=\"elementor-widget-container\">\n\t\t\t\t\t\t\t<p>MOJA MISJA<br \/>Jednocz ludzi, aby \u0142\u0105czy\u0107 si\u0119 poprzez praktyk\u0119 jogi, medytacji i pracy z oddechem. Stw\u00f3rz przestrze\u0144 do po\u0142\u0105czenia.<\/p><p>WIZJA<br \/>Zbli\u017canie ludzi, \u0142\u0105czenie, tworzenie przestrzeni do wzrostu, rozwoju osobistego, u\u0142atwianie zmian w celu umo\u017cliwienia transformacji.<\/p>\t\t\t\t\t\t<\/div>\n\t\t\t\t<\/div>\n\t\t\t\t<\/div>\n\t\t<div class=\"elementor-element elementor-element-54eef34 e-con-full e-flex e-con e-child\" data-id=\"54eef34\" data-element_type=\"container\" data-settings=\"{&quot;background_background&quot;:&quot;classic&quot;,&quot;jet_parallax_layout_list&quot;:[]}\">\n\t\t\t\t<\/div>\n\t\t\t\t<\/div>\n\t\t<div class=\"elementor-element elementor-element-4135913 e-con-full e-flex e-con e-parent\" data-id=\"4135913\" data-element_type=\"container\" data-settings=\"{&quot;background_background&quot;:&quot;classic&quot;,&quot;jet_parallax_layout_list&quot;:[]}\">\n\t\t<div class=\"elementor-element elementor-element-c88ad8d e-con-full e-flex e-con e-child\" data-id=\"c88ad8d\" data-element_type=\"container\" data-settings=\"{&quot;jet_parallax_layout_list&quot;:[]}\">\n\t\t\t\t<div class=\"elementor-element elementor-element-20fed67 elementor-widget elementor-widget-text-editor\" data-id=\"20fed67\" data-element_type=\"widget\" data-settings=\"{&quot;_animation_mobile&quot;:&quot;fadeInLeft&quot;}\" data-widget_type=\"text-editor.default\">\n\t\t\t\t<div class=\"elementor-widget-container\">\n\t\t\t\t\t\t\t<p>DLACZEGO TO ROBI\u0118?<\/p>\t\t\t\t\t\t<\/div>\n\t\t\t\t<\/div>\n\t\t\t\t<\/div>\n\t\t<div class=\"elementor-element elementor-element-04c6bee e-con-full e-flex e-con e-child\" data-id=\"04c6bee\" data-element_type=\"container\" data-settings=\"{&quot;jet_parallax_layout_list&quot;:[]}\">\n\t\t\t\t<div class=\"elementor-element elementor-element-ce22a78 elementor-widget elementor-widget-text-editor\" data-id=\"ce22a78\" data-element_type=\"widget\" data-settings=\"{&quot;_animation_mobile&quot;:&quot;fadeInUp&quot;}\" data-widget_type=\"text-editor.default\">\n\t\t\t\t<div class=\"elementor-widget-container\">\n\t\t\t\t\t\t\t<p>Odk\u0105d by\u0142em nastolatkiem, inspirowa\u0142em si\u0119 jog\u0105, medytacj\u0105, kartami wyroczni i czakrami. Moja wrodzona ciekawo\u015b\u0107 i poszukiwanie PRAWDY zaprowadzi\u0142y mnie w wiele miejsc mojego \u017cycia. Bardzo cz\u0119sto nie bior\u0119 niczego za dobr\u0105 monet\u0119 i zawsze staram si\u0119 zrozumie\u0107 ukryte PRAWDY. Stawiam przede wszystkim na intuicj\u0119, introspekcj\u0119, \u015bwiadomo\u015b\u0107 i mistrzostwo. Moim celem w \u017cyciu jest prowadzenie ludzi i bycie \u015aWIAT\u0141EM dla wielu, kt\u00f3rzy potrzebuj\u0105 iskry RADO\u015aCI, aby przywo\u0142a\u0107 swoje dziecko jako energi\u0119 do zabawy.<\/p>\t\t\t\t\t\t<\/div>\n\t\t\t\t<\/div>\n\t\t\t\t<\/div>\n\t\t\t\t<\/div>\n\t\t<div class=\"elementor-element elementor-element-daffc57 e-con-full e-flex e-con e-parent\" data-id=\"daffc57\" data-element_type=\"container\" data-settings=\"{&quot;jet_parallax_layout_list&quot;:[]}\">\n\t\t<div class=\"elementor-element elementor-element-c8aa519 e-con-full e-flex e-con e-child\" data-id=\"c8aa519\" data-element_type=\"container\" data-settings=\"{&quot;jet_parallax_layout_list&quot;:[]}\">\n\t\t\t\t<div class=\"elementor-element elementor-element-0174af5 elementor-widget elementor-widget-text-editor\" data-id=\"0174af5\" data-element_type=\"widget\" data-settings=\"{&quot;_animation_mobile&quot;:&quot;fadeInLeft&quot;}\" data-widget_type=\"text-editor.default\">\n\t\t\t\t<div class=\"elementor-widget-container\">\n\t\t\t\t\t\t\t<p>Z KIM PRACUJ\u0118?<\/p>\t\t\t\t\t\t<\/div>\n\t\t\t\t<\/div>\n\t\t\t\t<\/div>\n\t\t<div class=\"elementor-element elementor-element-2b62db2 e-con-full e-flex e-con e-child\" data-id=\"2b62db2\" data-element_type=\"container\" data-settings=\"{&quot;jet_parallax_layout_list&quot;:[]}\">\n\t\t\t\t<div class=\"elementor-element elementor-element-e8facb6 elementor-widget elementor-widget-text-editor\" data-id=\"e8facb6\" data-element_type=\"widget\" data-settings=\"{&quot;_animation_mobile&quot;:&quot;fadeInUp&quot;}\" data-widget_type=\"text-editor.default\">\n\t\t\t\t<div class=\"elementor-widget-container\">\n\t\t\t\t\t\t\t<p>Wspieram g\u0142\u00f3wnie kobiety, aktywuj\u0105c ich dzieci\u0119c\u0105 energi\u0119 i rado\u015b\u0107 poprzez odblokowanie w ten spos\u00f3b ich Wy\u017cszego Ja, dzi\u0119ki czemu mog\u0105 poszerzy\u0107 swoje \u017cycie i zobaczy\u0107, kim naprawd\u0119 s\u0105 na granicy swojej strefy komfortu!<\/p><p>Je\u015bli wi\u0119c jeste\u015b na rozdro\u017cu w swoim \u017cyciu i potrzebujesz wskaz\u00f3wek, oferuj\u0119 wskaz\u00f3wki z wy\u017cszych sfer, korzystaj\u0105c z r\u00f3\u017cnych duchowych narz\u0119dzi, kt\u00f3re wykorzystywa\u0142em przez lata. Potrafi\u0119 si\u0119gn\u0105\u0107 g\u0142\u0119biej, aby odkry\u0107 i uwolni\u0107 blokady, kt\u00f3re powstrzymuj\u0105 Ci\u0119 od realizacji Twoich marze\u0144 i cel\u00f3w.<\/p>\t\t\t\t\t\t<\/div>\n\t\t\t\t<\/div>\n\t\t\t\t<\/div>\n\t\t\t\t<\/div>\n\t\t<div class=\"elementor-element elementor-element-066caa3 e-con-full e-flex e-con e-parent\" data-id=\"066caa3\" data-element_type=\"container\" data-settings=\"{&quot;background_background&quot;:&quot;classic&quot;,&quot;jet_parallax_layout_list&quot;:[]}\">\n\t\t<div class=\"elementor-element elementor-element-1fa54f2 e-con-full e-flex e-con e-child\" data-id=\"1fa54f2\" data-element_type=\"container\" data-settings=\"{&quot;jet_parallax_layout_list&quot;:[]}\">\n\t\t\t\t<div class=\"elementor-element elementor-element-0f899cb elementor-widget elementor-widget-text-editor\" data-id=\"0f899cb\" data-element_type=\"widget\" data-settings=\"{&quot;_animation_mobile&quot;:&quot;fadeInLeft&quot;}\" data-widget_type=\"text-editor.default\">\n\t\t\t\t<div class=\"elementor-widget-container\">\n\t\t\t\t\t\t\t<p>MOJA HISTORIA<\/p>\t\t\t\t\t\t<\/div>\n\t\t\t\t<\/div>\n\t\t\t\t<\/div>\n\t\t<div class=\"elementor-element elementor-element-d2c2538 e-con-full e-flex e-con e-child\" data-id=\"d2c2538\" data-element_type=\"container\" data-settings=\"{&quot;jet_parallax_layout_list&quot;:[]}\">\n\t\t\t\t<div class=\"elementor-element elementor-element-d89b400 elementor-widget elementor-widget-text-editor\" data-id=\"d89b400\" data-element_type=\"widget\" data-settings=\"{&quot;_animation_mobile&quot;:&quot;zoomIn&quot;}\" data-widget_type=\"text-editor.default\">\n\t\t\t\t<div class=\"elementor-widget-container\">\n\t\t\t\t\t\t\t<p>Prowadz\u0105c wiele warsztat\u00f3w, rekolekcji i spo\u0142eczno\u015bci dla \u015bwiadomych kobiet odkry\u0142am swoj\u0105 g\u0142\u0119bok\u0105 pasj\u0119, kt\u00f3r\u0105 LUBI\u0118 WZMACNIA\u0106 KOBIETY. Od najm\u0142odszych lat, b\u0119d\u0105c przez wiele lat imigrantk\u0105 w Ameryce, sprawia\u0142am wra\u017cenie bardzo silnej kobiety z Europy Wschodniej z Polski. Opu\u015bci\u0142em dom w wieku 18 lat i po\u0142ow\u0119 \u017cycia sp\u0119dzi\u0142em z dala od rodzic\u00f3w i kraju. To zmusi\u0142o mnie do zwi\u0119kszenia wytrzyma\u0142o\u015bci, aby sta\u0107 si\u0119 bardziej odpornym i stan\u0105\u0107 w obronie siebie. Musia\u0142em sta\u0107 si\u0119 SILNY i udawa\u0107 osob\u0119 odporn\u0105, nie tylko po to, aby przetrwa\u0107 w betonowej d\u017cungli Nowego Jorku, gdzie prosperuj\u0105 tylko najsilniejsi, ale tak\u017ce aby zadomowi\u0107 si\u0119 w wielkim \u015bwiecie.<\/p>\t\t\t\t\t\t<\/div>\n\t\t\t\t<\/div>\n\t\t\t\t<\/div>\n\t\t\t\t<\/div>\n\t\t<div class=\"elementor-element elementor-element-da664b4 e-con-full e-flex e-con e-parent\" data-id=\"da664b4\" data-element_type=\"container\" data-settings=\"{&quot;jet_parallax_layout_list&quot;:[]}\">\n\t\t\t\t<div class=\"elementor-element elementor-element-7cd8003 elementor-widget elementor-widget-jet-image-accordion\" data-id=\"7cd8003\" data-element_type=\"widget\" data-widget_type=\"jet-image-accordion.default\">\n\t\t\t\t<div class=\"elementor-widget-container\">\n\t\t\t<div class=\"elementor-jet-image-accordion jet-tabs-addons\"><br \/>\n<b>Warning<\/b>:  Undefined array key \"instance_orientation\" in <b>\/home\/dxls1t8v8fbl\/moonaramanight\/wp10\/wp-content\/plugins\/jet-tabs\/templates\/jet-image-accordion\/global\/index.php<\/b> on line <b>9<\/b><br \/>\n<br \/>\n<b>Warning<\/b>:  Undefined array key \"instance_orientation\" in <b>\/home\/dxls1t8v8fbl\/moonaramanight\/wp10\/wp-content\/plugins\/jet-tabs\/includes\/addons\/jet-image-accordion-widget.php<\/b> on line <b>1041<\/b><br \/>\n<div class=\"jet-image-accordion jet-image-accordion--orientation jet-image-accordion-circ-ease\" role=\"tablist\" data-settings=\"{&quot;orientation&quot;:null,&quot;activeSize&quot;:{&quot;unit&quot;:&quot;%&quot;,&quot;size&quot;:50,&quot;sizes&quot;:[]},&quot;duration&quot;:500,&quot;activeItem&quot;:-1}\">\n\t<div class=\"jet-image-accordion__list\">\n<div class=\"jet-image-accordion__item\" role=\"tab\" aria-selected=\"false\" tabindex=\"0\">\n<img decoding=\"async\" class=\"jet-image-accordion__image-instance\" src=\"https:\/\/moonaramanight.com\/wp10\/wp-content\/uploads\/2024\/07\/IMG_3511.webp\" alt=\"IMG_3511\">\t<div class=\"jet-image-accordion__content\"><\/div>\n\t<div class=\"jet-image-accordion__item-loader\"><span><\/span><\/div>\n<\/div>\n<div class=\"jet-image-accordion__item\" role=\"tab\" aria-selected=\"false\" tabindex=\"0\">\n<img decoding=\"async\" class=\"jet-image-accordion__image-instance\" src=\"https:\/\/moonaramanight.com\/wp10\/wp-content\/uploads\/2024\/07\/dsc02363.webp\" alt=\"dsc02363\">\t<div class=\"jet-image-accordion__content\"><\/div>\n\t<div class=\"jet-image-accordion__item-loader\"><span><\/span><\/div>\n<\/div>\n<div class=\"jet-image-accordion__item\" role=\"tab\" aria-selected=\"false\" tabindex=\"0\">\n<img decoding=\"async\" class=\"jet-image-accordion__image-instance\" src=\"https:\/\/moonaramanight.com\/wp10\/wp-content\/uploads\/2024\/07\/yoga.webp\" alt=\"yoga\">\t<div class=\"jet-image-accordion__content\"><\/div>\n\t<div class=\"jet-image-accordion__item-loader\"><span><\/span><\/div>\n<\/div>\n<div class=\"jet-image-accordion__item\" role=\"tab\" aria-selected=\"false\" tabindex=\"0\">\n<img decoding=\"async\" class=\"jet-image-accordion__image-instance\" src=\"https:\/\/moonaramanight.com\/wp10\/wp-content\/uploads\/2024\/07\/DSC_0584.webp\" alt=\"DSC_0584\">\t<div class=\"jet-image-accordion__content\"><\/div>\n\t<div class=\"jet-image-accordion__item-loader\"><span><\/span><\/div>\n<\/div>\n<div class=\"jet-image-accordion__item\" role=\"tab\" aria-selected=\"false\" tabindex=\"0\">\n<img decoding=\"async\" class=\"jet-image-accordion__image-instance\" src=\"https:\/\/moonaramanight.com\/wp10\/wp-content\/uploads\/2024\/07\/IMG_8425.webp\" alt=\"IMG_8425\">\t<div class=\"jet-image-accordion__content\"><\/div>\n\t<div class=\"jet-image-accordion__item-loader\"><span><\/span><\/div>\n<\/div>\n<div class=\"jet-image-accordion__item\" role=\"tab\" aria-selected=\"false\" tabindex=\"0\">\n<img decoding=\"async\" class=\"jet-image-accordion__image-instance\" src=\"https:\/\/moonaramanight.com\/wp10\/wp-content\/uploads\/2024\/07\/IMG_2355.webp\" alt=\"IMG_2355\">\t<div class=\"jet-image-accordion__content\"><\/div>\n\t<div class=\"jet-image-accordion__item-loader\"><span><\/span><\/div>\n<\/div>\n<\/div>\n<\/div>\n<\/div>\t\t<\/div>\n\t\t\t\t<\/div>\n\t\t\t\t<\/div>\n\t\t\t\t<\/div>\n\t\t","protected":false},"excerpt":{"rendered":"<p>o mnie PAULINA PODBIE\u0141\u0141O Nauczycielka Jogi, Medytacj i \u015awiadomego Oddechu. Ostatnie 12 lat sp\u0119dzi\u0142em w Nowym Jorku, gdzie pracowa\u0142em i uczy\u0142em si\u0119 od najlepszych nauczycieli, takich jak Guru Jagat, Lama Ole Nydahl, posiadam 200YTT z Bhakti Center i jestem Facylitatorem Neurodynamicznego Oddychania. MOJA MISJAJednocz ludzi, aby \u0142\u0105czy\u0107 si\u0119 poprzez praktyk\u0119 jogi, medytacji i pracy z [&hellip;]<\/p>\n","protected":false},"author":1,"featured_media":0,"parent":0,"menu_order":1,"comment_status":"closed","ping_status":"closed","template":"","meta":{"_jf_save_progress":"","_jf_limit_responses":"","footnotes":""},"class_list":["post-2282","page","type-page","status-publish","hentry"],"_links":{"self":[{"href":"https:\/\/moonaramanight.com\/wp10\/wp-json\/wp\/v2\/pages\/2282","targetHints":{"allow":["GET"]}}],"collection":[{"href":"https:\/\/moonaramanight.com\/wp10\/wp-json\/wp\/v2\/pages"}],"about":[{"href":"https:\/\/moonaramanight.com\/wp10\/wp-json\/wp\/v2\/types\/page"}],"author":[{"embeddable":true,"href":"https:\/\/moonaramanight.com\/wp10\/wp-json\/wp\/v2\/users\/1"}],"replies":[{"embeddable":true,"href":"https:\/\/moonaramanight.com\/wp10\/wp-json\/wp\/v2\/comments?post=2282"}],"version-history":[{"count":7,"href":"https:\/\/moonaramanight.com\/wp10\/wp-json\/wp\/v2\/pages\/2282\/revisions"}],"predecessor-version":[{"id":2290,"href":"https:\/\/moonaramanight.com\/wp10\/wp-json\/wp\/v2\/pages\/2282\/revisions\/2290"}],"wp:attachment":[{"href":"https:\/\/moonaramanight.com\/wp10\/wp-json\/wp\/v2\/media?parent=2282"}],"curies":[{"name":"wp","href":"https:\/\/api.w.org\/{rel}","templated":true}]}}