{"id":2448,"date":"2024-08-04T08:28:29","date_gmt":"2024-08-04T08:28:29","guid":{"rendered":"https:\/\/moonaramanight.com\/wp10\/?post_type=product&#038;p=2448"},"modified":"2024-08-06T16:36:58","modified_gmt":"2024-08-06T16:36:58","slug":"7-tygodniowa-podroz-transformacyjna","status":"publish","type":"product","link":"https:\/\/moonaramanight.com\/wp10\/sklep-pl\/product\/7-tygodniowa-podroz-transformacyjna\/","title":{"rendered":"7-tygodniowa podr\u00f3\u017c transformacyjna"},"content":{"rendered":"<p><strong>Chcesz poczu\u0107 si\u0119 l\u017cejsza, uzyska\u0107 wi\u0119ksz\u0105 klarowno\u015b\u0107 i mie\u0107 wi\u0119cej energii?<\/strong><\/p>\n<p><strong>Czy chcesz czu\u0107 si\u0119 bardziej uziemiony i spokojny?<\/strong><\/p>\n<p><strong>Czy masz \u017cale, kt\u00f3re chcesz odrzuci\u0107?<\/strong><\/p>\n<p><strong>Czy chcesz mie\u0107 wi\u0119ksz\u0105 przejrzysto\u015b\u0107 w swoich bie\u017c\u0105cych wyborach?<\/strong><\/p>\n<p><strong>Chcesz \u017cy\u0107 kieruj\u0105c si\u0119 g\u0142\u0119bsz\u0105 intuicj\u0105?<\/strong><\/p>\n<p><strong>JE\u015aLI TWOJE ODPOWIEDZI S\u0104 TAK! TEN PROGRAM JEST DLA CIEBIE!<\/strong><\/p>\n<p>Jako bonus odb\u0119dziemy sesj\u0119 z Marcusem Matthewsem \u2013 wielokrotnie nagradzanym hipnoterapeut\u0105 klinicznym, kt\u00f3ry zabierze Ci\u0119 w dalsz\u0105 podr\u00f3\u017c.Kolejnym bonusem b\u0119dzie wyj\u0105tkowa sesja z Jo Halcrow, kt\u00f3ra poprowadzi nas do kwantowego zobaczenia siebie z przysz\u0142o\u015bci.<\/p>\n<p>B\u0119dziemy spotyka\u0107 si\u0119 online co tydzie\u0144 na 1h, aby wsp\u00f3lnie \u0107wiczy\u0107.<\/p>\n<p>Ka\u017cdy uczestnik otrzyma pytania do dziennika, na kt\u00f3rych b\u0119dzie m\u00f3g\u0142 si\u0119 skupi\u0107 przez ca\u0142y tydzie\u0144 pomi\u0119dzy praktykami.7 wegetaria\u0144skich przepis\u00f3w do wypr\u00f3bowania w domu i intuicyjna lektura przed ka\u017cdymi zaj\u0119ciami.<\/p>\n<p>W wyniku programu moi klienci do\u015bwiadczyli wi\u0119kszej elastyczno\u015bci, przejrzysto\u015bci, poczucia wi\u0119kszej r\u00f3wnowagi i uziemienia oraz wi\u0119kszego po\u0142\u0105czenia ze swoj\u0105 intuicj\u0105.<\/p>\n","protected":false},"excerpt":{"rendered":"<p>Chcesz poczu\u0107 si\u0119 l\u017cejsza, zyska\u0107 wi\u0119ksz\u0105 klarowno\u015b\u0107 i zyska\u0107 wi\u0119cej energii?<\/p>\n<p>Czy chcesz czu\u0107 si\u0119 bardziej uziemiony i spokojny?<\/p>\n<p>Czy masz \u017cale, kt\u00f3re chcesz odrzuci\u0107?<\/p>\n<p>Czy chcesz mie\u0107 wi\u0119ksz\u0105 przejrzysto\u015b\u0107 w swoich bie\u017c\u0105cych wyborach?<\/p>\n<p>Chcesz \u017cy\u0107 kieruj\u0105c si\u0119 g\u0142\u0119bsz\u0105 intuicj\u0105?<\/p>\n<p><strong>JE\u015aLI TWOJE ODPOWIEDZI S\u0104 TAK! TEN PROGRAM JEST DLA CIEBIE!<\/strong><\/p>\n","protected":false},"featured_media":2021,"template":"","meta":{"_jf_save_progress":"","_jf_limit_responses":""},"product_cat":[22],"product_tag":[],"class_list":{"0":"post-2448","1":"product","2":"type-product","3":"status-publish","4":"has-post-thumbnail","6":"product_cat-online-products","8":"first","9":"instock","10":"virtual","11":"purchasable","12":"product-type-simple"},"_links":{"self":[{"href":"https:\/\/moonaramanight.com\/wp10\/sklep-pl\/wp-json\/wp\/v2\/product\/2448","targetHints":{"allow":["GET"]}}],"collection":[{"href":"https:\/\/moonaramanight.com\/wp10\/sklep-pl\/wp-json\/wp\/v2\/product"}],"about":[{"href":"https:\/\/moonaramanight.com\/wp10\/sklep-pl\/wp-json\/wp\/v2\/types\/product"}],"wp:featuredmedia":[{"embeddable":true,"href":"https:\/\/moonaramanight.com\/wp10\/sklep-pl\/wp-json\/wp\/v2\/media\/2021"}],"wp:attachment":[{"href":"https:\/\/moonaramanight.com\/wp10\/sklep-pl\/wp-json\/wp\/v2\/media?parent=2448"}],"wp:term":[{"taxonomy":"product_cat","embeddable":true,"href":"https:\/\/moonaramanight.com\/wp10\/sklep-pl\/wp-json\/wp\/v2\/product_cat?post=2448"},{"taxonomy":"product_tag","embeddable":true,"href":"https:\/\/moonaramanight.com\/wp10\/sklep-pl\/wp-json\/wp\/v2\/product_tag?post=2448"}],"curies":[{"name":"wp","href":"https:\/\/api.w.org\/{rel}","templated":true}]}}